{"id":62,"date":"2019-02-13T11:27:52","date_gmt":"2019-02-13T11:27:52","guid":{"rendered":"http:\/\/gorjanci.eu\/?page_id=62"},"modified":"2024-11-04T09:40:50","modified_gmt":"2024-11-04T09:40:50","slug":"kontakti","status":"publish","type":"page","link":"http:\/\/gorjanci.eu\/?page_id=62","title":{"rendered":"Kontakti"},"content":{"rendered":"<p>[et_pb_section fb_built=&#8221;1&#8243; fullwidth=&#8221;on&#8221; disabled_on=&#8221;off|off|off&#8221; admin_label=&#8221;Hero&#8221; _builder_version=&#8221;4.16&#8243; background_color=&#8221;#7cda24&#8243; parallax=&#8221;on&#8221; custom_margin=&#8221;||-3px&#8221; custom_padding=&#8221;0|0px|0px|0px|false|false&#8221; filter_hue_rotate=&#8221;173deg&#8221; filter_saturate=&#8221;124%&#8221; filter_contrast=&#8221;109%&#8221; transparent_background=&#8221;on&#8221; global_colors_info=&#8221;{}&#8221;][et_pb_fullwidth_header title=&#8221;Dru\u0161tvo Gorjanske ko\u0161enice&#8221; text_orientation=&#8221;center&#8221; header_scroll_down=&#8221;on&#8221; scroll_down_icon=&#8221;%%4%%&#8221; scroll_down_icon_color=&#8221;#ffffff&#8221; scroll_down_icon_size=&#8221;32px&#8221; background_overlay_color=&#8221;rgba(87,158,6,0.75)&#8221; logo_image_url=&#8221;http:\/\/gorjanci.eu\/wp-content\/uploads\/2019\/02\/11034335_635472126557522_6977002385984399841_o.jpg&#8221; content_max_width=&#8221;74%&#8221; subhead_font_color=&#8221;#bebebe&#8221; _builder_version=&#8221;4.16&#8243; title_font=&#8221;Raleway||||||||&#8221; title_text_color=&#8221;#ffffff&#8221; title_font_size=&#8221;45px&#8221; title_line_height=&#8221;1.3em&#8221; content_font=&#8221;Montserrat||||&#8221; content_text_color=&#8221;#bfbfbf&#8221; content_font_size=&#8221;19px&#8221; content_line_height=&#8221;1.6em&#8221; subhead_font=&#8221;Montserrat||||&#8221; subhead_text_color=&#8221;#bebebe&#8221; subhead_line_height=&#8221;1.8em&#8221; background_image=&#8221;http:\/\/gorjanci.eu\/wp-content\/uploads\/2019\/02\/1278052_409451892492881_1937799119_o.jpg&#8221; parallax=&#8221;on&#8221; custom_margin=&#8221;||-82px&#8221; custom_padding=&#8221;0%||0%|0px&#8221; filter_hue_rotate=&#8221;181deg&#8221; animation_style=&#8221;zoom&#8221; animation_duration=&#8221;1500ms&#8221; animation_intensity_zoom=&#8221;4%&#8221; title_line_height_last_edited=&#8221;off|desktop&#8221; global_colors_info=&#8221;{}&#8221; button_one_text_size__hover_enabled=&#8221;off&#8221; button_two_text_size__hover_enabled=&#8221;off&#8221; button_one_text_color__hover_enabled=&#8221;off&#8221; button_two_text_color__hover_enabled=&#8221;off&#8221; button_one_border_width__hover_enabled=&#8221;off&#8221; button_two_border_width__hover_enabled=&#8221;off&#8221; button_one_border_color__hover_enabled=&#8221;off&#8221; button_two_border_color__hover_enabled=&#8221;off&#8221; button_one_border_radius__hover_enabled=&#8221;off&#8221; button_two_border_radius__hover_enabled=&#8221;off&#8221; button_one_letter_spacing__hover_enabled=&#8221;off&#8221; button_two_letter_spacing__hover_enabled=&#8221;off&#8221; button_one_bg_color__hover_enabled=&#8221;off&#8221; button_two_bg_color__hover_enabled=&#8221;off&#8221;]&nbsp;<\/p>\n<h3>Planinski dom pri Miklav\u017eu je kraj, kamor z veseljem pridejo na sve\u017e zrak, pohod ali po nove izku\u0161nje doma\u010dini in obiskovalci, ki z namenom pridejo na Gorjance. To je \u010dudovit kraj z zgodovino in prihodnostjo.<\/h3>\n<p>&nbsp;<\/p>\n<p><span style=\"color: #ffffff;\">Dru\u0161tvo s svojo dejavnostjo pripelje na Miklav\u017e zelo veliko obiskovalcev.<\/span><\/p>\n<p><span style=\"color: #ffffff;\">Oglarska kopa, Projekt ohranjanja travi\u0161\u010d, U\u010dna pot, urejena okolica in skrb za ohranjanje dedi\u0161\u010dine so projekti, s katerimi dokazujemo svoje poslanstvo.<\/span><\/p>\n<p><span style=\"color: #ffffff;\">&nbsp;<\/span><\/p>\n<p>&nbsp;<\/p>\n<p>&nbsp;<\/p>\n<p>&nbsp;[\/et_pb_fullwidth_header][\/et_pb_section][et_pb_section fb_built=&#8221;1&#8243; admin_label=&#8221;Contact&#8221; _builder_version=&#8221;4.16&#8243; background_color=&#8221;rgba(0,0,0,0.03)&#8221; background_size=&#8221;initial&#8221; background_position=&#8221;top_left&#8221; custom_padding=&#8221;0|0px|100px|0px|false|false&#8221; collapsed=&#8221;off&#8221; global_colors_info=&#8221;{}&#8221;][et_pb_row _builder_version=&#8221;4.16&#8243; background_size=&#8221;initial&#8221; background_position=&#8221;top_left&#8221; background_repeat=&#8221;repeat&#8221; custom_margin=&#8221;|||&#8221; custom_padding=&#8221;27px|0px|38px|0px|false|false&#8221; link_option_url_new_window=&#8221;on&#8221; global_colors_info=&#8221;{}&#8221; column_structure=&#8221;2_3,1_3&#8243;][et_pb_column type=&#8221;2_3&#8243; _builder_version=&#8221;4.16&#8243; background_position=&#8221;top_left&#8221; custom_padding=&#8221;|||&#8221; global_colors_info=&#8221;{}&#8221; custom_padding__hover=&#8221;|||&#8221;][et_pb_text _builder_version=&#8221;4.16&#8243; text_font=&#8221;||||||||&#8221; header_font=&#8221;Raleway||||||||&#8221; header_font_size=&#8221;23px&#8221; header_3_font=&#8221;Montserrat|700||on|||||&#8221; header_3_text_color=&#8221;#bfbfbf&#8221; header_3_font_size=&#8221;14px&#8221; header_3_letter_spacing=&#8221;2px&#8221; header_3_line_height=&#8221;1.3em&#8221; background_size=&#8221;initial&#8221; background_position=&#8221;top_left&#8221; background_repeat=&#8221;repeat&#8221; module_alignment=&#8221;center&#8221; custom_margin=&#8221;||12px|&#8221; custom_padding=&#8221;|||&#8221; animation_style=&#8221;slide&#8221; animation_direction=&#8221;bottom&#8221; header_font_size_last_edited=&#8221;off|desktop&#8221; saved_tabs=&#8221;all&#8221; locked=&#8221;off&#8221; global_colors_info=&#8221;{}&#8221; text_letter_spacing__hover=&#8221;0px&#8221; text_letter_spacing__hover_enabled=&#8221;0px&#8221; text_line_height__hover=&#8221;1.7em&#8221; text_line_height__hover_enabled=&#8221;1.7em&#8221; text_orientation__hover=&#8221;left&#8221; text_orientation__hover_enabled=&#8221;left&#8221; text_font_size__hover=&#8221;14px&#8221; text_font_size__hover_enabled=&#8221;14px&#8221; text_text_shadow_style__hover=&#8221;none&#8221; text_text_shadow_style__hover_enabled=&#8221;none&#8221; text_text_shadow_color__hover=&#8221;rgba(0,0,0,0.4)&#8221; text_text_shadow_color__hover_enabled=&#8221;rgba(0,0,0,0.4)&#8221; link_font_size__hover=&#8221;14px&#8221; link_font_size__hover_enabled=&#8221;14px&#8221; link_letter_spacing__hover=&#8221;0px&#8221; link_letter_spacing__hover_enabled=&#8221;0px&#8221; link_line_height__hover=&#8221;1em&#8221; link_line_height__hover_enabled=&#8221;1em&#8221; link_text_shadow_style__hover=&#8221;none&#8221; link_text_shadow_style__hover_enabled=&#8221;none&#8221; link_text_shadow_color__hover=&#8221;rgba(0,0,0,0.4)&#8221; link_text_shadow_color__hover_enabled=&#8221;rgba(0,0,0,0.4)&#8221; ul_font_size__hover=&#8221;14px&#8221; ul_font_size__hover_enabled=&#8221;14px&#8221; ul_letter_spacing__hover=&#8221;0px&#8221; ul_letter_spacing__hover_enabled=&#8221;0px&#8221; ul_line_height__hover=&#8221;1em&#8221; ul_line_height__hover_enabled=&#8221;1em&#8221; ul_text_shadow_style__hover=&#8221;none&#8221; ul_text_shadow_style__hover_enabled=&#8221;none&#8221; ul_text_shadow_color__hover=&#8221;rgba(0,0,0,0.4)&#8221; ul_text_shadow_color__hover_enabled=&#8221;rgba(0,0,0,0.4)&#8221; ol_font_size__hover=&#8221;14px&#8221; ol_font_size__hover_enabled=&#8221;14px&#8221; ol_letter_spacing__hover=&#8221;0px&#8221; ol_letter_spacing__hover_enabled=&#8221;0px&#8221; ol_line_height__hover=&#8221;1em&#8221; ol_line_height__hover_enabled=&#8221;1em&#8221; ol_text_shadow_style__hover=&#8221;none&#8221; ol_text_shadow_style__hover_enabled=&#8221;none&#8221; ol_text_shadow_color__hover=&#8221;rgba(0,0,0,0.4)&#8221; ol_text_shadow_color__hover_enabled=&#8221;rgba(0,0,0,0.4)&#8221; quote_font_size__hover=&#8221;14px&#8221; quote_font_size__hover_enabled=&#8221;14px&#8221; quote_letter_spacing__hover=&#8221;0px&#8221; quote_letter_spacing__hover_enabled=&#8221;0px&#8221; quote_line_height__hover=&#8221;1em&#8221; quote_line_height__hover_enabled=&#8221;1em&#8221; quote_text_shadow_style__hover=&#8221;none&#8221; quote_text_shadow_style__hover_enabled=&#8221;none&#8221; quote_text_shadow_color__hover=&#8221;rgba(0,0,0,0.4)&#8221; quote_text_shadow_color__hover_enabled=&#8221;rgba(0,0,0,0.4)&#8221; background_layout__hover=&#8221;light&#8221; background_layout__hover_enabled=&#8221;light&#8221;]<\/p>\n<h3>kontakt<\/h3>\n<p>[\/et_pb_text][et_pb_divider show_divider=&#8221;off&#8221; _builder_version=&#8221;4.16&#8243; max_width=&#8221;60px&#8221; module_alignment=&#8221;left&#8221; custom_margin=&#8221;||10px|&#8221; saved_tabs=&#8221;all&#8221; locked=&#8221;off&#8221; global_colors_info=&#8221;{}&#8221;][\/et_pb_divider][et_pb_text disabled_on=&#8221;on|on|off&#8221; _builder_version=&#8221;4.16&#8243; text_font=&#8221;||||||||&#8221; header_font=&#8221;||||||||&#8221; header_2_font=&#8221;Playfair Display||||&#8221; header_2_font_size=&#8221;48px&#8221; header_2_line_height=&#8221;1.3em&#8221; background_size=&#8221;initial&#8221; background_position=&#8221;top_left&#8221; background_repeat=&#8221;repeat&#8221; inline_fonts=&#8221;Arial&#8221; global_colors_info=&#8221;{}&#8221; header_font_size__hover=&#8221;30px&#8221; header_font_size__hover_enabled=&#8221;30px&#8221; header_letter_spacing__hover=&#8221;0px&#8221; header_letter_spacing__hover_enabled=&#8221;0px&#8221; header_text_shadow_style__hover=&#8221;none&#8221; header_text_shadow_style__hover_enabled=&#8221;none&#8221; header_text_shadow_color__hover=&#8221;rgba(0,0,0,0.4)&#8221; header_text_shadow_color__hover_enabled=&#8221;rgba(0,0,0,0.4)&#8221;]<\/p>\n<h2><span style=\"font-family: Arial;\">Po\u0161ljite sporo\u010dilo<\/span><\/h2>\n<p>[\/et_pb_text][et_pb_contact_form captcha=&#8221;off&#8221; email=&#8221;mitja.kosak@solos.si&#8221; custom_message=&#8221;sporo\u010dilo s strani gorjenci.eu&#8221; success_message=&#8221;Sporo\u010dilo je bilo poslano. Hvala za va\u0161e zanimanje. &#8221; submit_button_text=&#8221;Po\u0161lji&#8221; module_id=&#8221;et_pb_contact_form_0&#8243; _builder_version=&#8221;4.16&#8243; _unique_id=&#8221;5371e445-d300-4044-86a0-bd353252bbe6&#8243; form_field_background_color=&#8221;rgba(0,0,0,0)&#8221; form_field_text_color=&#8221;#bfbfbf&#8221; form_field_font=&#8221;Montserrat||||&#8221; custom_button=&#8221;on&#8221; button_text_size=&#8221;15px&#8221; button_text_color=&#8221;#ffffff&#8221; button_bg_color=&#8221;#e07084&#8243; button_border_color=&#8221;rgba(0,0,0,0)&#8221; button_border_radius=&#8221;0px&#8221; button_letter_spacing=&#8221;11px&#8221; button_font=&#8221;Montserrat|||on|&#8221; button_use_icon=&#8221;off&#8221; link_option_url=&#8221;mailto: mitja.kosak@solos.si&#8221; link_option_url_new_window=&#8221;on&#8221; button_text_size_last_edited=&#8221;off|desktop&#8221; border_width_all=&#8221;1px&#8221; border_color_all=&#8221;rgba(0,0,0,0.2)&#8221; border_style_all=&#8221;solid&#8221; use_border_color=&#8221;on&#8221; border_color=&#8221;rgba(0,0,0,0.2)&#8221; form_background_color=&#8221;rgba(0,0,0,0)&#8221; global_colors_info=&#8221;{}&#8221;][et_pb_contact_field field_id=&#8221;Name&#8221; field_title=&#8221;Ime&#8221; _builder_version=&#8221;4.16&#8243; global_colors_info=&#8221;{}&#8221; button_text_size__hover_enabled=&#8221;off&#8221; button_one_text_size__hover_enabled=&#8221;off&#8221; button_two_text_size__hover_enabled=&#8221;off&#8221; button_text_color__hover_enabled=&#8221;off&#8221; button_one_text_color__hover_enabled=&#8221;off&#8221; button_two_text_color__hover_enabled=&#8221;off&#8221; button_border_width__hover_enabled=&#8221;off&#8221; button_one_border_width__hover_enabled=&#8221;off&#8221; button_two_border_width__hover_enabled=&#8221;off&#8221; button_border_color__hover_enabled=&#8221;off&#8221; button_one_border_color__hover_enabled=&#8221;off&#8221; button_two_border_color__hover_enabled=&#8221;off&#8221; button_border_radius__hover_enabled=&#8221;off&#8221; button_one_border_radius__hover_enabled=&#8221;off&#8221; button_two_border_radius__hover_enabled=&#8221;off&#8221; button_letter_spacing__hover_enabled=&#8221;off&#8221; button_one_letter_spacing__hover_enabled=&#8221;off&#8221; button_two_letter_spacing__hover_enabled=&#8221;off&#8221; button_bg_color__hover_enabled=&#8221;off&#8221; button_one_bg_color__hover_enabled=&#8221;off&#8221; button_two_bg_color__hover_enabled=&#8221;off&#8221;][\/et_pb_contact_field][et_pb_contact_field field_id=&#8221;Email&#8221; field_title=&#8221;Email Address&#8221; field_type=&#8221;email&#8221; _builder_version=&#8221;4.16&#8243; global_colors_info=&#8221;{}&#8221; button_text_size__hover_enabled=&#8221;off&#8221; button_one_text_size__hover_enabled=&#8221;off&#8221; button_two_text_size__hover_enabled=&#8221;off&#8221; button_text_color__hover_enabled=&#8221;off&#8221; button_one_text_color__hover_enabled=&#8221;off&#8221; button_two_text_color__hover_enabled=&#8221;off&#8221; button_border_width__hover_enabled=&#8221;off&#8221; button_one_border_width__hover_enabled=&#8221;off&#8221; button_two_border_width__hover_enabled=&#8221;off&#8221; button_border_color__hover_enabled=&#8221;off&#8221; button_one_border_color__hover_enabled=&#8221;off&#8221; button_two_border_color__hover_enabled=&#8221;off&#8221; button_border_radius__hover_enabled=&#8221;off&#8221; button_one_border_radius__hover_enabled=&#8221;off&#8221; button_two_border_radius__hover_enabled=&#8221;off&#8221; button_letter_spacing__hover_enabled=&#8221;off&#8221; button_one_letter_spacing__hover_enabled=&#8221;off&#8221; button_two_letter_spacing__hover_enabled=&#8221;off&#8221; button_bg_color__hover_enabled=&#8221;off&#8221; button_one_bg_color__hover_enabled=&#8221;off&#8221; button_two_bg_color__hover_enabled=&#8221;off&#8221;][\/et_pb_contact_field][et_pb_contact_field field_id=&#8221;Message&#8221; field_title=&#8221;Sporo\u010dilo&#8221; field_type=&#8221;text&#8221; fullwidth_field=&#8221;on&#8221; _builder_version=&#8221;4.16&#8243; link_option_url=&#8221;mailto: mitja.kosak@solos.si&#8221; link_option_url_new_window=&#8221;on&#8221; global_colors_info=&#8221;{}&#8221; button_text_size__hover_enabled=&#8221;off&#8221; button_one_text_size__hover_enabled=&#8221;off&#8221; button_two_text_size__hover_enabled=&#8221;off&#8221; button_text_color__hover_enabled=&#8221;off&#8221; button_one_text_color__hover_enabled=&#8221;off&#8221; button_two_text_color__hover_enabled=&#8221;off&#8221; button_border_width__hover_enabled=&#8221;off&#8221; button_one_border_width__hover_enabled=&#8221;off&#8221; button_two_border_width__hover_enabled=&#8221;off&#8221; button_border_color__hover_enabled=&#8221;off&#8221; button_one_border_color__hover_enabled=&#8221;off&#8221; button_two_border_color__hover_enabled=&#8221;off&#8221; button_border_radius__hover_enabled=&#8221;off&#8221; button_one_border_radius__hover_enabled=&#8221;off&#8221; button_two_border_radius__hover_enabled=&#8221;off&#8221; button_letter_spacing__hover_enabled=&#8221;off&#8221; button_one_letter_spacing__hover_enabled=&#8221;off&#8221; button_two_letter_spacing__hover_enabled=&#8221;off&#8221; button_bg_color__hover_enabled=&#8221;off&#8221; button_one_bg_color__hover_enabled=&#8221;off&#8221; button_two_bg_color__hover_enabled=&#8221;off&#8221;][\/et_pb_contact_field][\/et_pb_contact_form][\/et_pb_column][et_pb_column type=&#8221;1_3&#8243; _builder_version=&#8221;4.16&#8243; background_color=&#8221;#ffffff&#8221; background_position=&#8221;top_left&#8221; custom_padding=&#8221;40px|40px|40px|40px&#8221; global_colors_info=&#8221;{}&#8221; custom_padding__hover=&#8221;|||&#8221;][et_pb_image src=&#8221;http:\/\/gorjanci.eu\/wp-content\/uploads\/2019\/02\/967161_372088462895891_1811373445_o.jpg&#8221; align_tablet=&#8221;center&#8221; align_last_edited=&#8221;on|desktop&#8221; _builder_version=&#8221;4.16&#8243; custom_margin=&#8221;|||&#8221; animation_style=&#8221;zoom&#8221; animation_intensity_zoom=&#8221;10%&#8221; global_colors_info=&#8221;{}&#8221; align_phone=&#8221;center&#8221;][\/et_pb_image][et_pb_text _builder_version=&#8221;4.24.3&#8243; text_font=&#8221;||||||||&#8221; header_font=&#8221;||||||||&#8221; header_3_font=&#8221;Montserrat|700||on|||||&#8221; header_3_text_color=&#8221;#bfbfbf&#8221; header_3_font_size=&#8221;14px&#8221; header_3_letter_spacing=&#8221;2px&#8221; header_3_line_height=&#8221;1.3em&#8221; background_size=&#8221;initial&#8221; background_position=&#8221;top_left&#8221; background_repeat=&#8221;repeat&#8221; text_orientation=&#8221;center&#8221; module_alignment=&#8221;center&#8221; custom_margin=&#8221;||12px|&#8221; custom_padding=&#8221;|||&#8221; animation_style=&#8221;slide&#8221; animation_direction=&#8221;bottom&#8221; hover_enabled=&#8221;0&#8243; saved_tabs=&#8221;all&#8221; locked=&#8221;off&#8221; global_colors_info=&#8221;{}&#8221; text_letter_spacing__hover=&#8221;0px&#8221; text_letter_spacing__hover_enabled=&#8221;0px&#8221; text_line_height__hover=&#8221;1.7em&#8221; text_line_height__hover_enabled=&#8221;1.7em&#8221; text_orientation__hover=&#8221;left&#8221; text_orientation__hover_enabled=&#8221;left&#8221; text_font_size__hover=&#8221;14px&#8221; text_font_size__hover_enabled=&#8221;14px&#8221; text_text_shadow_style__hover=&#8221;none&#8221; text_text_shadow_style__hover_enabled=&#8221;none&#8221; text_text_shadow_color__hover=&#8221;rgba(0,0,0,0.4)&#8221; text_text_shadow_color__hover_enabled=&#8221;rgba(0,0,0,0.4)&#8221; link_font_size__hover=&#8221;14px&#8221; link_font_size__hover_enabled=&#8221;14px&#8221; link_letter_spacing__hover=&#8221;0px&#8221; link_letter_spacing__hover_enabled=&#8221;0px&#8221; link_line_height__hover=&#8221;1em&#8221; link_line_height__hover_enabled=&#8221;1em&#8221; link_text_shadow_style__hover=&#8221;none&#8221; link_text_shadow_style__hover_enabled=&#8221;none&#8221; link_text_shadow_color__hover=&#8221;rgba(0,0,0,0.4)&#8221; link_text_shadow_color__hover_enabled=&#8221;rgba(0,0,0,0.4)&#8221; ul_font_size__hover=&#8221;14px&#8221; ul_font_size__hover_enabled=&#8221;14px&#8221; ul_letter_spacing__hover=&#8221;0px&#8221; ul_letter_spacing__hover_enabled=&#8221;0px&#8221; ul_line_height__hover=&#8221;1em&#8221; ul_line_height__hover_enabled=&#8221;1em&#8221; ul_text_shadow_style__hover=&#8221;none&#8221; ul_text_shadow_style__hover_enabled=&#8221;none&#8221; ul_text_shadow_color__hover=&#8221;rgba(0,0,0,0.4)&#8221; ul_text_shadow_color__hover_enabled=&#8221;rgba(0,0,0,0.4)&#8221; ol_font_size__hover=&#8221;14px&#8221; ol_font_size__hover_enabled=&#8221;14px&#8221; ol_letter_spacing__hover=&#8221;0px&#8221; ol_letter_spacing__hover_enabled=&#8221;0px&#8221; ol_line_height__hover=&#8221;1em&#8221; ol_line_height__hover_enabled=&#8221;1em&#8221; ol_text_shadow_style__hover=&#8221;none&#8221; ol_text_shadow_style__hover_enabled=&#8221;none&#8221; ol_text_shadow_color__hover=&#8221;rgba(0,0,0,0.4)&#8221; ol_text_shadow_color__hover_enabled=&#8221;rgba(0,0,0,0.4)&#8221; quote_font_size__hover=&#8221;14px&#8221; quote_font_size__hover_enabled=&#8221;14px&#8221; quote_letter_spacing__hover=&#8221;0px&#8221; quote_letter_spacing__hover_enabled=&#8221;0px&#8221; quote_line_height__hover=&#8221;1em&#8221; quote_line_height__hover_enabled=&#8221;1em&#8221; quote_text_shadow_style__hover=&#8221;none&#8221; quote_text_shadow_style__hover_enabled=&#8221;none&#8221; quote_text_shadow_color__hover=&#8221;rgba(0,0,0,0.4)&#8221; quote_text_shadow_color__hover_enabled=&#8221;rgba(0,0,0,0.4)&#8221; background_layout__hover=&#8221;light&#8221; background_layout__hover_enabled=&#8221;light&#8221; sticky_enabled=&#8221;0&#8243;]<\/p>\n<h3 style=\"text-align: left;\">kontakti:<\/h3>\n<p style=\"text-align: left;\"><strong>Iztok: 041 377 949<br \/>Lorena: 041 495 955<\/strong><\/p>\n<p style=\"text-align: left;\"><em><\/em><\/p>\n<p>[\/et_pb_text][et_pb_text _builder_version=&#8221;4.16&#8243; text_font=&#8221;Raleway||||||||&#8221; text_text_color=&#8221;#1f1f1f&#8221; text_font_size=&#8221;24px&#8221; text_line_height=&#8221;1.3em&#8221; background_size=&#8221;initial&#8221; background_position=&#8221;top_left&#8221; background_repeat=&#8221;repeat&#8221; text_orientation=&#8221;center&#8221; module_alignment=&#8221;center&#8221; custom_margin=&#8221;||12px|&#8221; custom_padding=&#8221;|||&#8221; animation_style=&#8221;slide&#8221; animation_direction=&#8221;bottom&#8221; saved_tabs=&#8221;all&#8221; locked=&#8221;off&#8221; global_colors_info=&#8221;{}&#8221;]<\/p>\n<p style=\"text-align: left;\">Dru\u0161tvo<br \/>\nGorjanske ko\u0161enice<\/p>\n<p>[\/et_pb_text][et_pb_text _builder_version=&#8221;4.16&#8243; text_font=&#8221;Montserrat||||&#8221; text_text_color=&#8221;#999999&#8243; text_letter_spacing=&#8221;1px&#8221; text_line_height=&#8221;1em&#8221; background_size=&#8221;initial&#8221; background_position=&#8221;top_left&#8221; background_repeat=&#8221;repeat&#8221; text_orientation=&#8221;center&#8221; module_alignment=&#8221;center&#8221; custom_margin=&#8221;||12px|&#8221; custom_padding=&#8221;|||&#8221; animation_style=&#8221;slide&#8221; animation_direction=&#8221;bottom&#8221; saved_tabs=&#8221;all&#8221; locked=&#8221;off&#8221; global_colors_info=&#8221;{}&#8221;]<\/p>\n<p style=\"text-align: left;\">Cerov Log 150<\/p>\n<p style=\"text-align: left;\"><span style=\"font-size: 14px;\">8310 \u0160entjernej<\/span><\/p>\n<p>[\/et_pb_text][\/et_pb_column][\/et_pb_row][et_pb_row _builder_version=&#8221;4.24.3&#8243; _module_preset=&#8221;default&#8221;][et_pb_column _builder_version=&#8221;4.24.3&#8243; _module_preset=&#8221;default&#8221; type=&#8221;4_4&#8243;][et_pb_button button_text=&#8221;Link na lokacijo Google map (Planinski dom Miklav\u017e na Gorjancih)&#8221; _builder_version=&#8221;4.24.3&#8243; _module_preset=&#8221;default&#8221; button_url=&#8221;https:\/\/maps.app.goo.gl\/fCNJtQw1pM6ykQQb6&#8243; hover_enabled=&#8221;0&#8243; sticky_enabled=&#8221;0&#8243; box_shadow_style=&#8221;preset5&#8243; box_shadow_color=&#8221;#7CDA24&#8243; custom_button=&#8221;on&#8221; button_text_color=&#8221;#000000&#8243; button_border_color=&#8221;RGBA(255,255,255,0)&#8221; button_alignment=&#8221;center&#8221;][\/et_pb_button][\/et_pb_column][\/et_pb_row][\/et_pb_section]<\/p>\n","protected":false},"excerpt":{"rendered":"<p>&nbsp; Planinski dom pri Miklav\u017eu je kraj, kamor z veseljem pridejo na sve\u017e zrak, pohod ali po nove izku\u0161nje doma\u010dini in obiskovalci, ki z namenom pridejo na Gorjance. To je \u010dudovit kraj z zgodovino in prihodnostjo. &nbsp; Dru\u0161tvo s svojo dejavnostjo pripelje na Miklav\u017e zelo veliko obiskovalcev. Oglarska kopa, Projekt ohranjanja travi\u0161\u010d, U\u010dna pot, urejena [&hellip;]<\/p>\n","protected":false},"author":1,"featured_media":0,"parent":0,"menu_order":0,"comment_status":"closed","ping_status":"closed","template":"","meta":{"_et_pb_use_builder":"on","_et_pb_old_content":"","_et_gb_content_width":"","footnotes":""},"aioseo_notices":[],"_links":{"self":[{"href":"http:\/\/gorjanci.eu\/index.php?rest_route=\/wp\/v2\/pages\/62"}],"collection":[{"href":"http:\/\/gorjanci.eu\/index.php?rest_route=\/wp\/v2\/pages"}],"about":[{"href":"http:\/\/gorjanci.eu\/index.php?rest_route=\/wp\/v2\/types\/page"}],"author":[{"embeddable":true,"href":"http:\/\/gorjanci.eu\/index.php?rest_route=\/wp\/v2\/users\/1"}],"replies":[{"embeddable":true,"href":"http:\/\/gorjanci.eu\/index.php?rest_route=%2Fwp%2Fv2%2Fcomments&post=62"}],"version-history":[{"count":21,"href":"http:\/\/gorjanci.eu\/index.php?rest_route=\/wp\/v2\/pages\/62\/revisions"}],"predecessor-version":[{"id":145,"href":"http:\/\/gorjanci.eu\/index.php?rest_route=\/wp\/v2\/pages\/62\/revisions\/145"}],"wp:attachment":[{"href":"http:\/\/gorjanci.eu\/index.php?rest_route=%2Fwp%2Fv2%2Fmedia&parent=62"}],"curies":[{"name":"wp","href":"https:\/\/api.w.org\/{rel}","templated":true}]}}